{"id":2943,"date":"2022-02-21T19:38:46","date_gmt":"2022-02-21T19:38:46","guid":{"rendered":"https:\/\/blickfang-digital.de\/?page_id=2943"},"modified":"2022-02-21T19:43:25","modified_gmt":"2022-02-21T19:43:25","slug":"beratung","status":"publish","type":"page","link":"https:\/\/blickfang-digital.de\/de\/beratung\/","title":{"rendered":"Beratung"},"content":{"rendered":"\n<p>Ihre kreativen Kampagnenideen, Image-, Film- und Social-Media-Aktionen sind geplant und nun soll alles effizient produziert und ausgerollt werden! Wir beraten Sie bei der Produktion aller Inhalte und Medien entsprechend Ihrer Ziele. Ob lokale Adaption oder ein m\u00f6glichst einheitlicher Auftritt \u00fcber alle Kan\u00e4le und in allen L\u00e4ndern und kosteneffiziente Artwork-Erstellung, Omnichannel-Medienproduktion.<\/p>\n\n\n\n<blockquote class=\"wp-block-quote is-layout-flow wp-block-quote-is-layout-flow\"><p>Profitieren Sie von unserer langj\u00e4hrigen und breit gef\u00e4cherten Erfahrung in der Produktion von Inhalten \u00fcber verschiedene Medienkan\u00e4le und deren Verkn\u00fcpfung.<\/p><\/blockquote>\n\n\n\n<p>Wir setzen erfolgreich auf Innovation sowie besten Kundenservice, gepaart mit unserer Kreativit\u00e4t, umfassenden Prozess-Kenntnissen und einem Netzwerk von Spezialisten. Wir helfen Ihnen, die f\u00fcr Sie beste Produktionsl\u00f6sung zu finden.<\/p>\n\n\n\n<div class=\"wp-block-image is-style-default\"><figure class=\"aligncenter size-full\"><img loading=\"lazy\" decoding=\"async\" width=\"1024\" height=\"752\" src=\"https:\/\/blickfang-digital.de\/wp-content\/uploads\/2020\/05\/teaser-consulting.jpg\" alt=\"\" class=\"wp-image-2076\" srcset=\"https:\/\/blickfang-digital.de\/wp-content\/uploads\/2020\/05\/teaser-consulting.jpg 1024w, https:\/\/blickfang-digital.de\/wp-content\/uploads\/2020\/05\/teaser-consulting-300x220.jpg 300w, https:\/\/blickfang-digital.de\/wp-content\/uploads\/2020\/05\/teaser-consulting-768x564.jpg 768w, https:\/\/blickfang-digital.de\/wp-content\/uploads\/2020\/05\/teaser-consulting-370x272.jpg 370w, https:\/\/blickfang-digital.de\/wp-content\/uploads\/2020\/05\/teaser-consulting-760x558.jpg 760w\" sizes=\"auto, (max-width: 1024px) 100vw, 1024px\" \/><\/figure><\/div>\n","protected":false},"excerpt":{"rendered":"<p>Ihre kreativen Kampagnenideen, Image-, Film- und Social-Media-Aktionen sind geplant und nun soll alles effizient produziert und ausgerollt werden! Wir beraten Sie bei der Produktion aller Inhalte und Medien entsprechend Ihrer Ziele. Ob lokale Adaption oder ein m\u00f6glichst einheitlicher Auftritt \u00fcber alle Kan\u00e4le und in allen L\u00e4ndern und kosteneffiziente Artwork-Erstellung, Omnichannel-Medienproduktion. Profitieren Sie von unserer langj\u00e4hrigen und breit gef\u00e4cherten Erfahrung in&hellip;<\/p>\n","protected":false},"author":1,"featured_media":0,"parent":0,"menu_order":0,"comment_status":"closed","ping_status":"closed","template":"","meta":{"_uag_custom_page_level_css":"","footnotes":""},"class_list":["post-2943","page","type-page","status-publish","hentry"],"featured_image_src":null,"uagb_featured_image_src":{"full":false,"thumbnail":false,"medium":false,"medium_large":false,"large":false,"1536x1536":false,"2048x2048":false,"post-thumbnail":false,"aldo-thumb-huge":false,"aldo-thumb-big":false,"aldo-thumb-med":false,"aldo-thumb-tiny":false,"aldo-thumb-masonry-big":false,"aldo-thumb-masonry":false,"aldo-thumb-extra":false,"aldo-thumb-height":false,"aldo-thumb-plain":false,"aldo-thumb-modern":false,"trx_addons-thumb-small":false,"trx_addons-thumb-portrait":false,"trx_addons-thumb-avatar":false},"uagb_author_info":{"display_name":"kjunk_bk0kixab","author_link":"https:\/\/blickfang-digital.de\/de\/author\/kjunk_bk0kixab\/"},"uagb_comment_info":0,"uagb_excerpt":"Ihre kreativen Kampagnenideen, Image-, Film- und Social-Media-Aktionen sind geplant und nun soll alles effizient produziert und ausgerollt werden! Wir beraten Sie bei der Produktion aller Inhalte und Medien entsprechend Ihrer Ziele. Ob lokale Adaption oder ein m\u00f6glichst einheitlicher Auftritt \u00fcber alle Kan\u00e4le und in allen L\u00e4ndern und kosteneffiziente Artwork-Erstellung, Omnichannel-Medienproduktion. Profitieren Sie von unserer langj\u00e4hrigen&hellip;","_links":{"self":[{"href":"https:\/\/blickfang-digital.de\/de\/wp-json\/wp\/v2\/pages\/2943","targetHints":{"allow":["GET"]}}],"collection":[{"href":"https:\/\/blickfang-digital.de\/de\/wp-json\/wp\/v2\/pages"}],"about":[{"href":"https:\/\/blickfang-digital.de\/de\/wp-json\/wp\/v2\/types\/page"}],"author":[{"embeddable":true,"href":"https:\/\/blickfang-digital.de\/de\/wp-json\/wp\/v2\/users\/1"}],"replies":[{"embeddable":true,"href":"https:\/\/blickfang-digital.de\/de\/wp-json\/wp\/v2\/comments?post=2943"}],"version-history":[{"count":2,"href":"https:\/\/blickfang-digital.de\/de\/wp-json\/wp\/v2\/pages\/2943\/revisions"}],"predecessor-version":[{"id":2953,"href":"https:\/\/blickfang-digital.de\/de\/wp-json\/wp\/v2\/pages\/2943\/revisions\/2953"}],"wp:attachment":[{"href":"https:\/\/blickfang-digital.de\/de\/wp-json\/wp\/v2\/media?parent=2943"}],"curies":[{"name":"wp","href":"https:\/\/api.w.org\/{rel}","templated":true}]}}