{"id":2611,"date":"2022-02-17T15:37:19","date_gmt":"2022-02-17T15:37:19","guid":{"rendered":"https:\/\/blickfang-digital.de\/?page_id=2611"},"modified":"2022-02-21T19:13:24","modified_gmt":"2022-02-21T19:13:24","slug":"startseite","status":"publish","type":"page","link":"https:\/\/blickfang-digital.de\/de\/","title":{"rendered":"Startseite"},"content":{"rendered":"\n<div class=\"wp-block-columns is-layout-flex wp-container-core-columns-is-layout-9d6595d7 wp-block-columns-is-layout-flex\">\n<div class=\"wp-block-column is-layout-flow wp-block-column-is-layout-flow\" style=\"flex-basis:50%\">\n<figure class=\"wp-block-image size-large is-style-default\"><img loading=\"lazy\" decoding=\"async\" width=\"1024\" height=\"752\" src=\"https:\/\/blickfang-digital.de\/wp-content\/uploads\/2020\/05\/teaser-creative.jpg\" alt=\"\" class=\"wp-image-2041\" srcset=\"https:\/\/blickfang-digital.de\/wp-content\/uploads\/2020\/05\/teaser-creative.jpg 1024w, https:\/\/blickfang-digital.de\/wp-content\/uploads\/2020\/05\/teaser-creative-300x220.jpg 300w, https:\/\/blickfang-digital.de\/wp-content\/uploads\/2020\/05\/teaser-creative-768x564.jpg 768w, https:\/\/blickfang-digital.de\/wp-content\/uploads\/2020\/05\/teaser-creative-370x272.jpg 370w, https:\/\/blickfang-digital.de\/wp-content\/uploads\/2020\/05\/teaser-creative-760x558.jpg 760w\" sizes=\"auto, (max-width: 1024px) 100vw, 1024px\" \/><figcaption><a href=\"\/de\/services\/\">Kreativ<\/a><\/figcaption><\/figure>\n\n\n\n<figure class=\"wp-block-image size-large is-style-default\"><a href=\"\/services\/\"><img loading=\"lazy\" decoding=\"async\" width=\"1024\" height=\"752\" src=\"https:\/\/blickfang-digital.de\/wp-content\/uploads\/2020\/05\/teaser-references.jpg\" alt=\"\" class=\"wp-image-2078\" srcset=\"https:\/\/blickfang-digital.de\/wp-content\/uploads\/2020\/05\/teaser-references.jpg 1024w, https:\/\/blickfang-digital.de\/wp-content\/uploads\/2020\/05\/teaser-references-300x220.jpg 300w, https:\/\/blickfang-digital.de\/wp-content\/uploads\/2020\/05\/teaser-references-768x564.jpg 768w, https:\/\/blickfang-digital.de\/wp-content\/uploads\/2020\/05\/teaser-references-370x272.jpg 370w, https:\/\/blickfang-digital.de\/wp-content\/uploads\/2020\/05\/teaser-references-760x558.jpg 760w\" sizes=\"auto, (max-width: 1024px) 100vw, 1024px\" \/><\/a><figcaption><a href=\"\/de\/projects\/\">Referenzen<\/a><\/figcaption><\/figure>\n<\/div>\n\n\n\n<div class=\"wp-block-column is-layout-flow wp-block-column-is-layout-flow\" style=\"flex-basis:50%\">\n<figure class=\"wp-block-image size-large is-style-default\"><a href=\"\/software-solutions\"><img loading=\"lazy\" decoding=\"async\" width=\"1024\" height=\"752\" src=\"https:\/\/blickfang-digital.de\/wp-content\/uploads\/2020\/05\/teaser-software.jpg\" alt=\"\" class=\"wp-image-2043\" srcset=\"https:\/\/blickfang-digital.de\/wp-content\/uploads\/2020\/05\/teaser-software.jpg 1024w, https:\/\/blickfang-digital.de\/wp-content\/uploads\/2020\/05\/teaser-software-300x220.jpg 300w, https:\/\/blickfang-digital.de\/wp-content\/uploads\/2020\/05\/teaser-software-768x564.jpg 768w, https:\/\/blickfang-digital.de\/wp-content\/uploads\/2020\/05\/teaser-software-370x272.jpg 370w, https:\/\/blickfang-digital.de\/wp-content\/uploads\/2020\/05\/teaser-software-760x558.jpg 760w\" sizes=\"auto, (max-width: 1024px) 100vw, 1024px\" \/><\/a><figcaption><a href=\"\/de\/software-solutions\/\">Software<\/a><\/figcaption><\/figure>\n\n\n\n<figure class=\"wp-block-image size-large is-style-default\"><img loading=\"lazy\" decoding=\"async\" width=\"1024\" height=\"752\" src=\"https:\/\/blickfang-digital.de\/wp-content\/uploads\/2020\/05\/teaser-consulting.jpg\" alt=\"\" class=\"wp-image-2076\" srcset=\"https:\/\/blickfang-digital.de\/wp-content\/uploads\/2020\/05\/teaser-consulting.jpg 1024w, https:\/\/blickfang-digital.de\/wp-content\/uploads\/2020\/05\/teaser-consulting-300x220.jpg 300w, https:\/\/blickfang-digital.de\/wp-content\/uploads\/2020\/05\/teaser-consulting-768x564.jpg 768w, https:\/\/blickfang-digital.de\/wp-content\/uploads\/2020\/05\/teaser-consulting-370x272.jpg 370w, https:\/\/blickfang-digital.de\/wp-content\/uploads\/2020\/05\/teaser-consulting-760x558.jpg 760w\" sizes=\"auto, (max-width: 1024px) 100vw, 1024px\" \/><figcaption><a href=\"\/de\/consulting\/\">Beratung<\/a><\/figcaption><\/figure>\n<\/div>\n<\/div>\n\n\n\n<h3 class=\"wp-block-heading\" id=\"blickfang-digital\">blickfang digital<\/h3>\n\n\n\n<p>Die blickfang-digital GmbH ist ein hochspezialisierter Produzent von digitalen Inhalten. Zu unseren Kunden geh\u00f6ren Fotografen, Werbeagenturen sowie Unternehmen deren Anspr\u00fcche sich mit unseren zu einem perfekten Ergebnis verbinden.<br>Unser Team besteht aus Post- und CGI Artist, die t\u00e4glich eng zusammen arbeiten und so eine Symbiose aus kreativer Bild\/ Animations Produktion und technischem Know-How schaffen. Dank unserer langj\u00e4hrigen Erfahrung k\u00f6nnen Sie uns sowohl feinste lithografische Aufgaben f\u00fcr die Produktion von Drucksachen, als auch komplexe Artworks f\u00fcr online Auftritte, wie zum Beispiel Konfiguratoren anvertrauen.<br>Wir verwandeln Ihre Vorstellungen in den sprichw\u00f6rtlichen BLICKFANG, immer auf dem h\u00f6chsten technischen Niveau und mit dem hohen qualifizierten Anspruch unseres Spezialistenteams.<\/p>\n","protected":false},"excerpt":{"rendered":"<p>blickfang digital Die blickfang-digital GmbH ist ein hochspezialisierter Produzent von digitalen Inhalten. Zu unseren Kunden geh\u00f6ren Fotografen, Werbeagenturen sowie Unternehmen deren Anspr\u00fcche sich mit unseren zu einem perfekten Ergebnis verbinden.Unser Team besteht aus Post- und CGI Artist, die t\u00e4glich eng zusammen arbeiten und so eine Symbiose aus kreativer Bild\/ Animations Produktion und technischem Know-How schaffen. Dank unserer langj\u00e4hrigen Erfahrung k\u00f6nnen&hellip;<\/p>\n","protected":false},"author":1,"featured_media":0,"parent":0,"menu_order":0,"comment_status":"closed","ping_status":"closed","template":"","meta":{"_uag_custom_page_level_css":"","footnotes":""},"class_list":["post-2611","page","type-page","status-publish","hentry"],"featured_image_src":null,"uagb_featured_image_src":{"full":false,"thumbnail":false,"medium":false,"medium_large":false,"large":false,"1536x1536":false,"2048x2048":false,"post-thumbnail":false,"aldo-thumb-huge":false,"aldo-thumb-big":false,"aldo-thumb-med":false,"aldo-thumb-tiny":false,"aldo-thumb-masonry-big":false,"aldo-thumb-masonry":false,"aldo-thumb-extra":false,"aldo-thumb-height":false,"aldo-thumb-plain":false,"aldo-thumb-modern":false,"trx_addons-thumb-small":false,"trx_addons-thumb-portrait":false,"trx_addons-thumb-avatar":false},"uagb_author_info":{"display_name":"kjunk_bk0kixab","author_link":"https:\/\/blickfang-digital.de\/de\/author\/kjunk_bk0kixab\/"},"uagb_comment_info":0,"uagb_excerpt":"blickfang digital Die blickfang-digital GmbH ist ein hochspezialisierter Produzent von digitalen Inhalten. Zu unseren Kunden geh\u00f6ren Fotografen, Werbeagenturen sowie Unternehmen deren Anspr\u00fcche sich mit unseren zu einem perfekten Ergebnis verbinden.Unser Team besteht aus Post- und CGI Artist, die t\u00e4glich eng zusammen arbeiten und so eine Symbiose aus kreativer Bild\/ Animations Produktion und technischem Know-How schaffen.&hellip;","_links":{"self":[{"href":"https:\/\/blickfang-digital.de\/de\/wp-json\/wp\/v2\/pages\/2611","targetHints":{"allow":["GET"]}}],"collection":[{"href":"https:\/\/blickfang-digital.de\/de\/wp-json\/wp\/v2\/pages"}],"about":[{"href":"https:\/\/blickfang-digital.de\/de\/wp-json\/wp\/v2\/types\/page"}],"author":[{"embeddable":true,"href":"https:\/\/blickfang-digital.de\/de\/wp-json\/wp\/v2\/users\/1"}],"replies":[{"embeddable":true,"href":"https:\/\/blickfang-digital.de\/de\/wp-json\/wp\/v2\/comments?post=2611"}],"version-history":[{"count":14,"href":"https:\/\/blickfang-digital.de\/de\/wp-json\/wp\/v2\/pages\/2611\/revisions"}],"predecessor-version":[{"id":2958,"href":"https:\/\/blickfang-digital.de\/de\/wp-json\/wp\/v2\/pages\/2611\/revisions\/2958"}],"wp:attachment":[{"href":"https:\/\/blickfang-digital.de\/de\/wp-json\/wp\/v2\/media?parent=2611"}],"curies":[{"name":"wp","href":"https:\/\/api.w.org\/{rel}","templated":true}]}}