{"id":2607,"date":"2022-02-17T15:34:30","date_gmt":"2022-02-17T15:34:30","guid":{"rendered":"https:\/\/blickfang-digital.de\/?page_id=2607"},"modified":"2022-02-20T15:26:08","modified_gmt":"2022-02-20T15:26:08","slug":"datenschutzerklaerung","status":"publish","type":"page","link":"https:\/\/blickfang-digital.de\/de\/datenschutzerklaerung\/","title":{"rendered":"Datenschutzerkl\u00e4rung"},"content":{"rendered":"\n<h3 class=\"wp-block-heading\" id=\"1-einfuhrung\">1. Einf\u00fchrung<\/h3>\n\n\n\n<p>Die blickfang-digital GmbH (Website-URL-Adresse: https:\/\/blickfang-digital.de\/) freut sich \u00fcber Ihren Besuch und Ihr Vertrauen. Wir sind ein in Deutschland ans\u00e4ssiges Unternehmen, das digitale Inhalte und Softwarel\u00f6sungen entwickelt, um Ihr Marketing und Ihre Website visuell zu verbessern. Bitte lesen Sie diese Datenschutzerkl\u00e4rung und stimmen Sie beiden Dokumenten zu, um unsere Dienste nutzen zu k\u00f6nnen.<\/p>\n\n\n\n<h3 class=\"wp-block-heading\" id=\"2-erfasste-daten\">2. ERFASSTE DATEN<\/h3>\n\n\n\n<h6 class=\"wp-block-heading\" id=\"speicherort-der-daten\">SPEICHERORT DER DATEN<\/h6>\n\n\n\n<p>Wir sind ein in Deutschland ans\u00e4ssiges Unternehmen und betreiben in Deutschland gehostete Webserver. Unser Hosting-Provider Host Europe GmbH h\u00e4lt sich an das EU\/US &#8220;Privacy Shield&#8221;, wodurch sichergestellt wird, dass Ihre Daten sicher und GDPR-konform gespeichert sind. Weitere Informationen zu den Datenschutzrichtlinien der Host Europe GmbH  finden Sie hier: <a href=\"https:\/\/www.server4you.de\/index.php?id=327#datenschutzerkl%C3%A4rung\">Host Europe GmbH -Datenschutzerkl\u00e4rung<\/a>.<\/p>\n\n\n\n<h6 class=\"wp-block-heading\" id=\"registrierungsdaten\">REGISTRIERUNGSDATEN<\/h6>\n\n\n\n<p>Wenn Sie sich auf unserer Website registrieren, speichern wir den von Ihnen gew\u00e4hlten Benutzernamen und Ihre E-Mail-Adresse sowie alle weiteren pers\u00f6nlichen Informationen, die Sie in Ihrem Benutzerprofil angeben. Sie k\u00f6nnen Ihre pers\u00f6nlichen Daten jederzeit einsehen, bearbeiten oder l\u00f6schen (mit Ausnahme der \u00c4nderung Ihres Benutzernamens). Auch die Administratoren der Website k\u00f6nnen diese Informationen einsehen und bearbeiten.<\/p>\n\n\n\n<h6 class=\"wp-block-heading\" id=\"kommentare\">KOMMENTARE<\/h6>\n\n\n\n<p>Wenn Sie Kommentare auf der Website hinterlassen, erfassen wir die im Kommentarformular angezeigten Daten sowie die IP-Adresse und den User-Agent-String des Browsers, um die Spam-Erkennung zu erleichtern.<\/p>\n\n\n\n<h6 class=\"wp-block-heading\" id=\"kontaktformular\">KONTAKTFORMULAR<\/h6>\n\n\n\n<p>Die entsprechende Email wird \u00fcber die Firma Domain Factory gehostet. DF unterwirft sich dem EU\/US &#8220;Privacy Shield&#8221; und Sie k\u00f6nnen hier weitere Informationen dar\u00fcber finden: <a href=\"https:\/\/www.df.eu\/de\/datenschutz\/\">DF.eu Datenschutzrichtlinie<\/a>.<\/p>\n\n\n\n<p>Diese Angaben werden nur f\u00fcr Kundendienstzwecke aufbewahrt und niemals f\u00fcr Marketingzwecke verwendet oder an Dritte weitergegeben.<\/p>\n\n\n\n<h6 class=\"wp-block-heading\" id=\"google-analytics\">GOOGLE ANALYTICS<\/h6>\n\n\n\n<p>Wir verwenden Google Analytics auf unserer Website f\u00fcr anonyme Berichte \u00fcber die Nutzung der Website. Es werden also keine personalisierten Daten gespeichert. Wenn Sie die \u00dcberwachung Ihres Verhaltens auf unserer Website durch Google Analytics deaktivieren m\u00f6chten, verwenden Sie bitte diesen Link: <a rel=\"noopener\" href=\"https:\/\/tools.google.com\/dlpage\/gaoptout\/\" target=\"_blank\">Google Analytics Opt-out<\/a>.<\/p>\n\n\n\n<h6 class=\"wp-block-heading\" id=\"falle-fur-die-verwendung-der-personenbezogenen-daten\">F\u00c4LLE F\u00dcR DIE VERWENDUNG DER PERSONENBEZOGENEN DATEN<\/h6>\n\n\n\n<p><strong>Wir verwenden Ihre personenbezogenen Daten in den folgenden F\u00e4llen:<\/strong><\/p>\n\n\n\n<ul class=\"wp-block-list\"><li>Verifizierung\/Identifizierung des Nutzers w\u00e4hrend der Nutzung der Website<\/li><li>Bereitstellung von technischer Unterst\u00fctzung<\/li><li>Versenden von Updates mit wichtigen Informationen an unsere Nutzer, um \u00fcber Neuigkeiten\/\u00c4nderungen zu informieren<\/li><li>\u00dcberpr\u00fcfung der Kontobewegungen, um betr\u00fcgerische Transaktionen zu verhindern und die Sicherheit der pers\u00f6nlichen Daten unserer Kunden zu gew\u00e4hrleisten<\/li><li>der pers\u00f6nlichen Daten unserer Kunden zu gew\u00e4hrleisten<\/li><li>Anpassen der Website, um Ihre Erfahrung pers\u00f6nlicher und ansprechender zu gestalten<\/li><li>Gew\u00e4hrleistung der Gesamtleistung und des reibungslosen Ablaufs der Verwaltungsfunktionen<\/li><\/ul>\n\n\n<p><!--EndFragment--><\/p>\n<p><\/p>","protected":false},"excerpt":{"rendered":"<p>1. Einf\u00fchrung Die blickfang-digital GmbH (Website-URL-Adresse: https:\/\/blickfang-digital.de\/) freut sich \u00fcber Ihren Besuch und Ihr Vertrauen. Wir sind ein in Deutschland ans\u00e4ssiges Unternehmen, das digitale Inhalte und Softwarel\u00f6sungen entwickelt, um Ihr Marketing und Ihre Website visuell zu verbessern. Bitte lesen Sie diese Datenschutzerkl\u00e4rung und stimmen Sie beiden Dokumenten zu, um unsere Dienste nutzen zu k\u00f6nnen. 2. ERFASSTE DATEN SPEICHERORT DER DATEN&hellip;<\/p>\n","protected":false},"author":1,"featured_media":0,"parent":0,"menu_order":0,"comment_status":"closed","ping_status":"closed","template":"","meta":{"_uag_custom_page_level_css":"","footnotes":""},"class_list":["post-2607","page","type-page","status-publish","hentry"],"featured_image_src":null,"uagb_featured_image_src":{"full":false,"thumbnail":false,"medium":false,"medium_large":false,"large":false,"1536x1536":false,"2048x2048":false,"post-thumbnail":false,"aldo-thumb-huge":false,"aldo-thumb-big":false,"aldo-thumb-med":false,"aldo-thumb-tiny":false,"aldo-thumb-masonry-big":false,"aldo-thumb-masonry":false,"aldo-thumb-extra":false,"aldo-thumb-height":false,"aldo-thumb-plain":false,"aldo-thumb-modern":false,"trx_addons-thumb-small":false,"trx_addons-thumb-portrait":false,"trx_addons-thumb-avatar":false},"uagb_author_info":{"display_name":"kjunk_bk0kixab","author_link":"https:\/\/blickfang-digital.de\/de\/author\/kjunk_bk0kixab\/"},"uagb_comment_info":0,"uagb_excerpt":"1. Einf\u00fchrung Die blickfang-digital GmbH (Website-URL-Adresse: https:\/\/blickfang-digital.de\/) freut sich \u00fcber Ihren Besuch und Ihr Vertrauen. Wir sind ein in Deutschland ans\u00e4ssiges Unternehmen, das digitale Inhalte und Softwarel\u00f6sungen entwickelt, um Ihr Marketing und Ihre Website visuell zu verbessern. Bitte lesen Sie diese Datenschutzerkl\u00e4rung und stimmen Sie beiden Dokumenten zu, um unsere Dienste nutzen zu k\u00f6nnen. 2.&hellip;","_links":{"self":[{"href":"https:\/\/blickfang-digital.de\/de\/wp-json\/wp\/v2\/pages\/2607","targetHints":{"allow":["GET"]}}],"collection":[{"href":"https:\/\/blickfang-digital.de\/de\/wp-json\/wp\/v2\/pages"}],"about":[{"href":"https:\/\/blickfang-digital.de\/de\/wp-json\/wp\/v2\/types\/page"}],"author":[{"embeddable":true,"href":"https:\/\/blickfang-digital.de\/de\/wp-json\/wp\/v2\/users\/1"}],"replies":[{"embeddable":true,"href":"https:\/\/blickfang-digital.de\/de\/wp-json\/wp\/v2\/comments?post=2607"}],"version-history":[{"count":3,"href":"https:\/\/blickfang-digital.de\/de\/wp-json\/wp\/v2\/pages\/2607\/revisions"}],"predecessor-version":[{"id":2725,"href":"https:\/\/blickfang-digital.de\/de\/wp-json\/wp\/v2\/pages\/2607\/revisions\/2725"}],"wp:attachment":[{"href":"https:\/\/blickfang-digital.de\/de\/wp-json\/wp\/v2\/media?parent=2607"}],"curies":[{"name":"wp","href":"https:\/\/api.w.org\/{rel}","templated":true}]}}