{"id":2603,"date":"2022-02-17T15:33:27","date_gmt":"2022-02-17T15:33:27","guid":{"rendered":"https:\/\/blickfang-digital.de\/?page_id=2603"},"modified":"2022-02-20T15:34:51","modified_gmt":"2022-02-20T15:34:51","slug":"impressum","status":"publish","type":"page","link":"https:\/\/blickfang-digital.de\/de\/impressum\/","title":{"rendered":"Impressum"},"content":{"rendered":"\n<p><br>blickfang-digital GmbH<br>Aluminiumstra\u00dfe 1, Ost<br>84513 T\u00f6ging am Inn, Germany<br>info@blickfang-digital.de<\/p>\n\n\n\n<p>Gesch\u00e4ftsf\u00fchrer:<br>Klaus Junk<\/p>\n\n\n\n<p><br>Amtsgericht Traunstein<br>Handelsregister:<br>HRB 29907<\/p>\n\n\n\n<p>Umsatzsteuer-Identifikationsnummer gem\u00e4\u00df<br>\u00a7 27 a Umsatzsteuergesetz: DE 271997190<\/p>\n\n\n\n<p>Inhaltlich Verantwortlicher gem\u00e4\u00df \u00a7 6 MDStV:<br>Klaus Junk<\/p>\n\n\n\n<h5 class=\"wp-block-heading\" id=\"haftungshinweis\">Haftungshinweis:<\/h5>\n\n\n\n<p>Trotz sorgf\u00e4ltiger inhaltlicher Kontrolle \u00fcbernehmen wir keine Haftung f\u00fcr die Inhalte externer Links. F\u00fcr den Inhalt der verlinkten Seiten sind ausschlie\u00dflich deren Betreiber verantwortlich.Hiermit distanzieren wir uns ausdr\u00fccklich von allen Inhalten aller gelinkten Seiten auf unserer Homepage und machen uns diese Inhalte nicht zu Eigen. Diese Erkl\u00e4rung gilt f\u00fcr alle, auf dieser Website, angebrachten Links und Linksammlungen, die zur Zeit bestehen oder in Zukunft bestehen werden.<\/p>\n\n\n\n<p>Diese Website benutzt Google Analytics, einen Webanalysedienst der Google Inc. (\u201eGoogle\u201c). Google Analytics verwendet sog. \u201eCookies\u201c, Textdateien, die auf Ihrem Computer gespeichert werden und die eine Analyse der Benutzung der Website durch Sie erm\u00f6glichen. Die durch den Cookie erzeugten Informationen \u00fcber Ihre Benutzung dieser Website (einschlie\u00dflich Ihrer IP-Adresse) wird an einen Server von Google in den USA \u00fcbertragen und dort gespeichert.<br>Google wird diese Informationen benutzen, um Ihre Nutzung der Website auszuwerten, um Reports \u00fcber die Websiteaktivit\u00e4ten f\u00fcr die Websitebetreiber zusammenzustellen und um weitere mit der Websitenutzung und der Internetnutzung verbundene Dienstleistungen zu erbringen.<br>Auch wird Google diese Informationen gegebenenfalls an Dritte \u00fcbertragen, sofern dies gesetzlich vorgeschrieben oder soweit Dritte diese Daten im Auftrag von Google verarbeiten. Google wird in keinem Fall Ihre IP-Adresse mit anderen Daten von Google in Verbindung bringen. Sie k\u00f6nnen die Installation der Cookies durch eine entsprechende Einstellung Ihrer Browser Software verhindern; wir weisen Sie jedoch darauf hin, dass Sie in diesem Fall gegebenenfalls nicht s\u00e4mtliche Funktionen dieser Website vollumf\u00e4nglich nutzen k\u00f6nnen.<br>Durch die Nutzung dieser Website erkl\u00e4ren Sie sich mit der Bearbeitung der \u00fcber Sie erhobenen Daten durch Google in der zuvor beschriebenen Art und Weise und zu dem zuvor benannten Zweck einverstanden.<\/p>\n\n\n\n<p><\/p>\n\n\n\n<p><a href=\"https:\/\/blickfang-digital.de\/de\/datenschutzerklaerung\/\">Datenschutzerkl\u00e4rung:<\/a><\/p>\n\n\n<p><!--EndFragment--><\/p>\n<p><\/p>","protected":false},"excerpt":{"rendered":"<p>blickfang-digital GmbHAluminiumstra\u00dfe 1, Ost84513 T\u00f6ging am Inn, Germanyinfo@blickfang-digital.de Gesch\u00e4ftsf\u00fchrer:Klaus Junk Amtsgericht TraunsteinHandelsregister:HRB 29907 Umsatzsteuer-Identifikationsnummer gem\u00e4\u00df\u00a7 27 a Umsatzsteuergesetz: DE 271997190 Inhaltlich Verantwortlicher gem\u00e4\u00df \u00a7 6 MDStV:Klaus Junk Haftungshinweis: Trotz sorgf\u00e4ltiger inhaltlicher Kontrolle \u00fcbernehmen wir keine Haftung f\u00fcr die Inhalte externer Links. F\u00fcr den Inhalt der verlinkten Seiten sind ausschlie\u00dflich deren Betreiber verantwortlich.Hiermit distanzieren wir uns ausdr\u00fccklich von allen Inhalten aller&hellip;<\/p>\n","protected":false},"author":1,"featured_media":0,"parent":0,"menu_order":0,"comment_status":"closed","ping_status":"closed","template":"","meta":{"_uag_custom_page_level_css":"","footnotes":""},"class_list":["post-2603","page","type-page","status-publish","hentry"],"featured_image_src":null,"uagb_featured_image_src":{"full":false,"thumbnail":false,"medium":false,"medium_large":false,"large":false,"1536x1536":false,"2048x2048":false,"post-thumbnail":false,"aldo-thumb-huge":false,"aldo-thumb-big":false,"aldo-thumb-med":false,"aldo-thumb-tiny":false,"aldo-thumb-masonry-big":false,"aldo-thumb-masonry":false,"aldo-thumb-extra":false,"aldo-thumb-height":false,"aldo-thumb-plain":false,"aldo-thumb-modern":false,"trx_addons-thumb-small":false,"trx_addons-thumb-portrait":false,"trx_addons-thumb-avatar":false},"uagb_author_info":{"display_name":"kjunk_bk0kixab","author_link":"https:\/\/blickfang-digital.de\/de\/author\/kjunk_bk0kixab\/"},"uagb_comment_info":0,"uagb_excerpt":"blickfang-digital GmbHAluminiumstra\u00dfe 1, Ost84513 T\u00f6ging am Inn, Germanyinfo@blickfang-digital.de Gesch\u00e4ftsf\u00fchrer:Klaus Junk Amtsgericht TraunsteinHandelsregister:HRB 29907 Umsatzsteuer-Identifikationsnummer gem\u00e4\u00df\u00a7 27 a Umsatzsteuergesetz: DE 271997190 Inhaltlich Verantwortlicher gem\u00e4\u00df \u00a7 6 MDStV:Klaus Junk Haftungshinweis: Trotz sorgf\u00e4ltiger inhaltlicher Kontrolle \u00fcbernehmen wir keine Haftung f\u00fcr die Inhalte externer Links. F\u00fcr den Inhalt der verlinkten Seiten sind ausschlie\u00dflich deren Betreiber verantwortlich.Hiermit distanzieren wir uns&hellip;","_links":{"self":[{"href":"https:\/\/blickfang-digital.de\/de\/wp-json\/wp\/v2\/pages\/2603","targetHints":{"allow":["GET"]}}],"collection":[{"href":"https:\/\/blickfang-digital.de\/de\/wp-json\/wp\/v2\/pages"}],"about":[{"href":"https:\/\/blickfang-digital.de\/de\/wp-json\/wp\/v2\/types\/page"}],"author":[{"embeddable":true,"href":"https:\/\/blickfang-digital.de\/de\/wp-json\/wp\/v2\/users\/1"}],"replies":[{"embeddable":true,"href":"https:\/\/blickfang-digital.de\/de\/wp-json\/wp\/v2\/comments?post=2603"}],"version-history":[{"count":5,"href":"https:\/\/blickfang-digital.de\/de\/wp-json\/wp\/v2\/pages\/2603\/revisions"}],"predecessor-version":[{"id":2731,"href":"https:\/\/blickfang-digital.de\/de\/wp-json\/wp\/v2\/pages\/2603\/revisions\/2731"}],"wp:attachment":[{"href":"https:\/\/blickfang-digital.de\/de\/wp-json\/wp\/v2\/media?parent=2603"}],"curies":[{"name":"wp","href":"https:\/\/api.w.org\/{rel}","templated":true}]}}