{"id":1233,"date":"2020-03-10T19:28:28","date_gmt":"2020-03-10T19:28:28","guid":{"rendered":"https:\/\/blickfang-digital.de\/software-solutions\/"},"modified":"2022-02-20T15:49:03","modified_gmt":"2022-02-20T15:49:03","slug":"software-solutions","status":"publish","type":"page","link":"https:\/\/blickfang-digital.de\/de\/software-solutions\/","title":{"rendered":"Software L\u00f6sungen"},"content":{"rendered":"<div  id=\"sc_blogger_372550247\"\t\tclass=\"sc_blogger sc_blogger_extra\"><div class=\"sc_blogger_content sc_item_content sc_item_posts_container posts_container extra_wrap extra_2\"><div class=\"\ncolumn-extra-sep\"><article id=\"post-1220\"\n\tclass=\"post_item post_format_standard post_layout_extra post_layout_extra_2 post-1220 post type-post status-publish format-standard has-post-thumbnail hentry category-software-loesungen tag-creative-de tag-media-de tag-software-de\"\t>\n\t<div class=\"post_featured with_thumb hover_simple post_featured_bg aldo_inline_1415644985\">\t\t\t\t\t\t<div class=\"mask\"><\/div>\n\t\t\t\t\t\t            <a href=\"https:\/\/blickfang-digital.de\/de\/corporate-websites\/\"  aria-hidden=\"true\" class=\"icons\"><\/a>\n            <\/div>\t\t<div class=\"post_header entry-header\">\n\t\t\t<span class=\"post_categories_style\"><a href=\"https:\/\/blickfang-digital.de\/de\/category\/software-loesungen\/\" rel=\"category tag\">Software L\u00f6sungen<\/a><\/span><h4 class=\"post_title entry-title\"><a href=\"https:\/\/blickfang-digital.de\/de\/corporate-websites\/\" rel=\"bookmark\">Unternehmens &#8211; Webseiten<\/a><\/h4>\t\t<div class=\"post_meta\">\n\t\t\t\t\t\t\t\t\t\t<a class=\"post_meta_item post_author\" rel=\"author\" href=\"https:\/\/blickfang-digital.de\/de\/author\/kjunk_bk0kixab\/\">\n\t\t\t\t\t\t\t\t\t\t\t\t\t\t\t\t<span class=\"post_author_by\">\n                                    By                                 <\/span>\n\t\t\t\t\t\t\t\t<span class=\"post_author_name\">\n\t\t\t\t\t\t\t\t\tkjunk_bk0kixab\t\t\t\t\t\t\t\t<\/span>\n\t\t\t\t\t\t\t<\/a>\n\t\t\t\t\t\t\t\t\t\t\t\t\t<span class=\"post_meta_item post_date\n\t\t\t\t\t\t\t\t\t\t\t\t\t\t\"\n\t\t\t\t\t\t\t\t\t\t\t\t\t>\n\t\t\t\t\t\t\t\t\t\t\t\t\t\t\t<a href=\"https:\/\/blickfang-digital.de\/de\/corporate-websites\/\">\n\t\t\t\t\t\t\t\t23. Oktober 2018\t\t\t\t\t\t\t\t<\/a>\n\t\t\t\t\t\t\t\t\t\t\t\t\t\t<\/span>\n\t\t\t\t\t\t\t\t<\/div><!-- .post_meta -->\n\t\t\t\t<\/div><!-- .entry-header -->\n\t\t<\/article><\/div><div class=\"\ncolumn-extra-sep\"><article id=\"post-1221\"\n\tclass=\"post_item post_format_standard post_layout_extra post_layout_extra_2 post-1221 post type-post status-publish format-standard has-post-thumbnail hentry category-software-loesungen tag-creative-de tag-media-de tag-software-de tag-technology-de\"\t>\n\t<div class=\"post_featured with_thumb hover_simple post_featured_bg aldo_inline_1654883868\">\t\t\t\t\t\t<div class=\"mask\"><\/div>\n\t\t\t\t\t\t            <a href=\"https:\/\/blickfang-digital.de\/de\/multichannel-e-commerce\/\"  aria-hidden=\"true\" class=\"icons\"><\/a>\n            <\/div>\t\t<div class=\"post_header entry-header\">\n\t\t\t<span class=\"post_categories_style\"><a href=\"https:\/\/blickfang-digital.de\/de\/category\/software-loesungen\/\" rel=\"category tag\">Software L\u00f6sungen<\/a><\/span><h4 class=\"post_title entry-title\"><a href=\"https:\/\/blickfang-digital.de\/de\/multichannel-e-commerce\/\" rel=\"bookmark\">Multichannel E-Commerce<\/a><\/h4>\t\t<div class=\"post_meta\">\n\t\t\t\t\t\t\t\t\t\t<a class=\"post_meta_item post_author\" rel=\"author\" href=\"https:\/\/blickfang-digital.de\/de\/author\/kjunk_bk0kixab\/\">\n\t\t\t\t\t\t\t\t\t\t\t\t\t\t\t\t<span class=\"post_author_by\">\n                                    By                                 <\/span>\n\t\t\t\t\t\t\t\t<span class=\"post_author_name\">\n\t\t\t\t\t\t\t\t\tkjunk_bk0kixab\t\t\t\t\t\t\t\t<\/span>\n\t\t\t\t\t\t\t<\/a>\n\t\t\t\t\t\t\t\t\t\t\t\t\t<span class=\"post_meta_item post_date\n\t\t\t\t\t\t\t\t\t\t\t\t\t\t\"\n\t\t\t\t\t\t\t\t\t\t\t\t\t>\n\t\t\t\t\t\t\t\t\t\t\t\t\t\t\t<a href=\"https:\/\/blickfang-digital.de\/de\/multichannel-e-commerce\/\">\n\t\t\t\t\t\t\t\t23. Oktober 2018\t\t\t\t\t\t\t\t<\/a>\n\t\t\t\t\t\t\t\t\t\t\t\t\t\t<\/span>\n\t\t\t\t\t\t\t\t<\/div><!-- .post_meta -->\n\t\t\t\t<\/div><!-- .entry-header -->\n\t\t<\/article><\/div><div class=\"\ncolumn-extra-sep\"><article id=\"post-1223\"\n\tclass=\"post_item post_format_video post_layout_extra post_layout_extra_2 post-1223 post type-post status-publish format-video has-post-thumbnail hentry category-software-loesungen tag-creative-de tag-media-de post_format-post-format-video\"\t>\n\t<div class=\"post_featured with_thumb hover_play post_featured_bg aldo_inline_1496651960\">\t\t\t\t\t\t<div class=\"mask\"><\/div>\n\t\t\t\t\t\t                            <a class=\"video_icon\" href=\"https:\/\/blickfang-digital.de\/de\/mobile-apps\/\"><\/a>\n                            <\/div>\t\t<div class=\"post_header entry-header\">\n\t\t\t<span class=\"post_categories_style\"><a href=\"https:\/\/blickfang-digital.de\/de\/category\/software-loesungen\/\" rel=\"category tag\">Software L\u00f6sungen<\/a><\/span><h4 class=\"post_title entry-title\"><a href=\"https:\/\/blickfang-digital.de\/de\/mobile-apps\/\" rel=\"bookmark\">Mobile Anwendungen<\/a><\/h4>\t\t<div class=\"post_meta\">\n\t\t\t\t\t\t\t\t\t\t<a class=\"post_meta_item post_author\" rel=\"author\" href=\"https:\/\/blickfang-digital.de\/de\/author\/kjunk_bk0kixab\/\">\n\t\t\t\t\t\t\t\t\t\t\t\t\t\t\t\t<span class=\"post_author_by\">\n                                    By                                 <\/span>\n\t\t\t\t\t\t\t\t<span class=\"post_author_name\">\n\t\t\t\t\t\t\t\t\tkjunk_bk0kixab\t\t\t\t\t\t\t\t<\/span>\n\t\t\t\t\t\t\t<\/a>\n\t\t\t\t\t\t\t\t\t\t\t\t\t<span class=\"post_meta_item post_date\n\t\t\t\t\t\t\t\t\t\t\t\t\t\t\"\n\t\t\t\t\t\t\t\t\t\t\t\t\t>\n\t\t\t\t\t\t\t\t\t\t\t\t\t\t\t<a href=\"https:\/\/blickfang-digital.de\/de\/mobile-apps\/\">\n\t\t\t\t\t\t\t\t23. Oktober 2018\t\t\t\t\t\t\t\t<\/a>\n\t\t\t\t\t\t\t\t\t\t\t\t\t\t<\/span>\n\t\t\t\t\t\t\t\t<\/div><!-- .post_meta -->\n\t\t\t\t<\/div><!-- .entry-header -->\n\t\t<\/article><\/div><div class=\"\ncolumn-extra-sep\"><article id=\"post-1225\"\n\tclass=\"post_item post_format_video post_layout_extra post_layout_extra_2 post-1225 post type-post status-publish format-video has-post-thumbnail hentry category-software-loesungen tag-creative-de tag-media-de post_format-post-format-video\"\t>\n\t<div class=\"post_featured with_thumb hover_play post_featured_bg aldo_inline_523193136\">\t\t\t\t\t\t<div class=\"mask\"><\/div>\n\t\t\t\t\t\t                            <a class=\"video_icon\" href=\"https:\/\/blickfang-digital.de\/de\/offshore-service\/\"><\/a>\n                            <\/div>\t\t<div class=\"post_header entry-header\">\n\t\t\t<span class=\"post_categories_style\"><a href=\"https:\/\/blickfang-digital.de\/de\/category\/software-loesungen\/\" rel=\"category tag\">Software L\u00f6sungen<\/a><\/span><h4 class=\"post_title entry-title\"><a href=\"https:\/\/blickfang-digital.de\/de\/offshore-service\/\" rel=\"bookmark\">Offshore-Dienstleistung<\/a><\/h4>\t\t<div class=\"post_meta\">\n\t\t\t\t\t\t\t\t\t\t<a class=\"post_meta_item post_author\" rel=\"author\" href=\"https:\/\/blickfang-digital.de\/de\/author\/kjunk_bk0kixab\/\">\n\t\t\t\t\t\t\t\t\t\t\t\t\t\t\t\t<span class=\"post_author_by\">\n                                    By                                 <\/span>\n\t\t\t\t\t\t\t\t<span class=\"post_author_name\">\n\t\t\t\t\t\t\t\t\tkjunk_bk0kixab\t\t\t\t\t\t\t\t<\/span>\n\t\t\t\t\t\t\t<\/a>\n\t\t\t\t\t\t\t\t\t\t\t\t\t<span class=\"post_meta_item post_date\n\t\t\t\t\t\t\t\t\t\t\t\t\t\t\"\n\t\t\t\t\t\t\t\t\t\t\t\t\t>\n\t\t\t\t\t\t\t\t\t\t\t\t\t\t\t<a href=\"https:\/\/blickfang-digital.de\/de\/offshore-service\/\">\n\t\t\t\t\t\t\t\t23. Oktober 2018\t\t\t\t\t\t\t\t<\/a>\n\t\t\t\t\t\t\t\t\t\t\t\t\t\t<\/span>\n\t\t\t\t\t\t\t\t<\/div><!-- .post_meta -->\n\t\t\t\t<\/div><!-- .entry-header -->\n\t\t<\/article><\/div><\/div><\/div>\n\n\n<h2 class=\"has-text-align-center has-text-light-color has-text-color wp-block-heading\" id=\"liste-der-von-uns-verwendeten-technologien\"><strong>Liste der von uns verwendeten Technologien<\/strong><\/h2>\n\n\n<div class=\"wp-block-ub-content-toggle wp-block-ub-content-toggle-block\" id=\"ub-content-toggle-block-2a107aa0-31f9-4780-a7d9-6a8dcd63f918\" data-mobilecollapse=\"false\" data-desktopcollapse=\"true\" data-preventcollapse=\"false\" data-showonlyone=\"false\">\n<div class=\"wp-block-ub-content-toggle-accordion\" style=\"border-color: #ffffff; \" id=\"ub-content-toggle-panel-block-\">\n\t\t\t<div class=\"wp-block-ub-content-toggle-accordion-title-wrap\" style=\"background-color: #ffffff;\" aria-controls=\"ub-content-toggle-panel-0-2a107aa0-31f9-4780-a7d9-6a8dcd63f918\" tabindex=\"0\">\n\t\t\t<h5 class=\"wp-block-ub-content-toggle-accordion-title ub-content-toggle-title-2a107aa0-31f9-4780-a7d9-6a8dcd63f918\" style=\"color: #717172; \">Microsoft .NET Framework<\/h5>\n\t\t\t<div class=\"wp-block-ub-content-toggle-accordion-toggle-wrap right\" style=\"color: #000000;\"><span class=\"wp-block-ub-content-toggle-accordion-state-indicator wp-block-ub-chevron-down\"><\/span><\/div>\n\t\t<\/div>\n\t\t\t<div role=\"region\" aria-expanded=\"false\" class=\"wp-block-ub-content-toggle-accordion-content-wrap ub-hide\" id=\"ub-content-toggle-panel-0-2a107aa0-31f9-4780-a7d9-6a8dcd63f918\">\n\n<p> <\/p>\n\n\n\n<p>Das .Net Framework (korrekte Schreibweise: .NET Framework) ist ein Teil der .NET-Softwareplattform von Microsoft und erf\u00fcllt als solches seine Funktion bei der Entwicklung und Ausf\u00fchrung von Programmen, die das Framework enthalten und nutzen. Das .NET Framework bietet sowohl eine Laufzeitumgebung f\u00fcr die Ausf\u00fchrung als auch eine Programmbibliothek f\u00fcr die Entwicklung von Programmen. F\u00fcr den Endbenutzer ist das .Net Framework eine Middleware, ohne die Software und Anwendungen, die das .Net Framework nutzen, nicht ausgef\u00fchrt werden k\u00f6nnen.<\/p>\n\n<\/div>\n\t\t<\/div>\n\n<div class=\"wp-block-ub-content-toggle-accordion\" style=\"border-color: #ffffff; \" id=\"ub-content-toggle-panel-block-\">\n\t\t\t<div class=\"wp-block-ub-content-toggle-accordion-title-wrap\" style=\"background-color: #ffffff;\" aria-controls=\"ub-content-toggle-panel-1-2a107aa0-31f9-4780-a7d9-6a8dcd63f918\" tabindex=\"0\">\n\t\t\t<h5 class=\"wp-block-ub-content-toggle-accordion-title ub-content-toggle-title-2a107aa0-31f9-4780-a7d9-6a8dcd63f918\" style=\"color: #717172; \">Ionic Framework<\/h5>\n\t\t\t<div class=\"wp-block-ub-content-toggle-accordion-toggle-wrap right\" style=\"color: #000000;\"><span class=\"wp-block-ub-content-toggle-accordion-state-indicator wp-block-ub-chevron-down\"><\/span><\/div>\n\t\t<\/div>\n\t\t\t<div role=\"region\" aria-expanded=\"false\" class=\"wp-block-ub-content-toggle-accordion-content-wrap ub-hide\" id=\"ub-content-toggle-panel-1-2a107aa0-31f9-4780-a7d9-6a8dcd63f918\">\n\n<p>Ionic ist ein Open-Source-Web-Framework zur Erstellung von Hybrid-Apps und progressiven Web-Apps auf der Grundlage von HTML5, CSS, Sass und JavaScript\/TypeScript. Seit Version 5 basiert es auf dem Capacitor von Ionic. Seit Version 4 kann Ionic auch auf verschiedenen anderen Frameworks wie Vue.js basieren oder ohne ein zugrunde liegendes Framework verwendet werden. Es stellt eine Programmbibliothek mit verschiedenen Komponenten zur Verf\u00fcgung, mit denen interaktive Apps programmiert werden k\u00f6nnen. Der Schwerpunkt des Frameworks liegt auf dem Frontend, also der Benutzeroberfl\u00e4che.<\/p>\n\n<\/div>\n\t\t<\/div>\n\n<div class=\"wp-block-ub-content-toggle-accordion\" style=\"border-color: #ffffff; \" id=\"ub-content-toggle-panel-block-\">\n\t\t\t<div class=\"wp-block-ub-content-toggle-accordion-title-wrap\" style=\"background-color: #ffffff;\" aria-controls=\"ub-content-toggle-panel-2-2a107aa0-31f9-4780-a7d9-6a8dcd63f918\" tabindex=\"0\">\n\t\t\t<h5 class=\"wp-block-ub-content-toggle-accordion-title ub-content-toggle-title-2a107aa0-31f9-4780-a7d9-6a8dcd63f918\" style=\"color: #717172; \"> Angular <\/h5>\n\t\t\t<div class=\"wp-block-ub-content-toggle-accordion-toggle-wrap right\" style=\"color: #000000;\"><span class=\"wp-block-ub-content-toggle-accordion-state-indicator wp-block-ub-chevron-down\"><\/span><\/div>\n\t\t<\/div>\n\t\t\t<div role=\"region\" aria-expanded=\"false\" class=\"wp-block-ub-content-toggle-accordion-content-wrap ub-hide\" id=\"ub-content-toggle-panel-2-2a107aa0-31f9-4780-a7d9-6a8dcd63f918\">\n\n<p>Angular (zur Unterscheidung von seinem Vorg\u00e4nger AngularJS (Version 1.x)), auch &#8220;Angular 2+&#8221; genannt, ist ein TypeScript-basiertes Frontend-Framework f\u00fcr Webanwendungen. Es wird von einer Gemeinschaft von Einzelpersonen und Unternehmen unter der Leitung von Google entwickelt und als Open-Source-Software ver\u00f6ffentlicht.<\/p>\n\n<\/div>\n\t\t<\/div>\n\n<div class=\"wp-block-ub-content-toggle-accordion\" style=\"border-color: #ffffff; \" id=\"ub-content-toggle-panel-block-\">\n\t\t\t<div class=\"wp-block-ub-content-toggle-accordion-title-wrap\" style=\"background-color: #ffffff;\" aria-controls=\"ub-content-toggle-panel-3-2a107aa0-31f9-4780-a7d9-6a8dcd63f918\" tabindex=\"0\">\n\t\t\t<h5 class=\"wp-block-ub-content-toggle-accordion-title ub-content-toggle-title-2a107aa0-31f9-4780-a7d9-6a8dcd63f918\" style=\"color: #717172; \">PHP<\/h5>\n\t\t\t<div class=\"wp-block-ub-content-toggle-accordion-toggle-wrap right\" style=\"color: #000000;\"><span class=\"wp-block-ub-content-toggle-accordion-state-indicator wp-block-ub-chevron-down\"><\/span><\/div>\n\t\t<\/div>\n\t\t\t<div role=\"region\" aria-expanded=\"false\" class=\"wp-block-ub-content-toggle-accordion-content-wrap ub-hide\" id=\"ub-content-toggle-panel-3-2a107aa0-31f9-4780-a7d9-6a8dcd63f918\">\n\n<p>PHP (rekursives Akronym und Backronym f\u00fcr \u201ePHP: Hypertext Preprocessor\u201c, urspr\u00fcnglich \u201ePersonal Home Page Tools\u201c) ist eine Skriptsprache mit einer an C und Perl angelehnten Syntax, die haupts\u00e4chlich zur Erstellung dynamischer Webseiten oder Webanwendungen verwendet wird.PHP wird als freie Software unter der PHP-Lizenz verbreitet. PHP zeichnet sich durch breite Datenbankunterst\u00fctzung und Internet-Protokolleinbindung sowie die Verf\u00fcgbarkeit zahlreicher Funktionsbibliotheken aus.<\/p>\n\n<\/div>\n\t\t<\/div>\n\n<div class=\"wp-block-ub-content-toggle-accordion\" style=\"border-color: #ffffff; \" id=\"ub-content-toggle-panel-block-\">\n\t\t\t<div class=\"wp-block-ub-content-toggle-accordion-title-wrap\" style=\"background-color: #ffffff;\" aria-controls=\"ub-content-toggle-panel-4-2a107aa0-31f9-4780-a7d9-6a8dcd63f918\" tabindex=\"0\">\n\t\t\t<h5 class=\"wp-block-ub-content-toggle-accordion-title ub-content-toggle-title-2a107aa0-31f9-4780-a7d9-6a8dcd63f918\" style=\"color: #717172; \">Javasript<\/h5>\n\t\t\t<div class=\"wp-block-ub-content-toggle-accordion-toggle-wrap right\" style=\"color: #000000;\"><span class=\"wp-block-ub-content-toggle-accordion-state-indicator wp-block-ub-chevron-down\"><\/span><\/div>\n\t\t<\/div>\n\t\t\t<div role=\"region\" aria-expanded=\"false\" class=\"wp-block-ub-content-toggle-accordion-content-wrap ub-hide\" id=\"ub-content-toggle-panel-4-2a107aa0-31f9-4780-a7d9-6a8dcd63f918\">\n\n<p> <\/p>\n\n\n\n<p>JavaScript (kurz JS) ist eine Skriptsprache, die urspr\u00fcnglich 1995 von Netscape f\u00fcr dynamisches HTML in Webbrowsern entwickelt wurde, um Benutzerinteraktionen auszuwerten, Inhalte zu \u00e4ndern, nachzuladen oder zu generieren und so die M\u00f6glichkeiten von HTML zu erweitern. Heute wird JavaScript auch au\u00dferhalb von Browsern verwendet, zum Beispiel auf Servern und in Mikrocontrollern.<\/p>\n\n\n\n<p>Der heutige Name der Sprache, die urspr\u00fcnglich LiveScript hie\u00df, entstand 1996 aus einer Zusammenarbeit zwischen Netscape und Sun Microsystems. Ihre Java-Applets, die mit der ebenfalls 1995 ver\u00f6ffentlichten Programmiersprache Java erstellt wurden, wurden mit LiveScript in den Netscape Navigator integriert. Um von der Popularit\u00e4t von Java zu profitieren, wurde LiveScript in JavaScript umbenannt, obwohl die beiden Sprachen unabh\u00e4ngig voneinander entwickelt wurden und v\u00f6llig unterschiedliche Grundkonzepte haben.<\/p>\n\n\n\n<p>Der Sprachkern von JavaScript, standardisiert als ECMAScript (ECMA 262), beschreibt eine dynamisch typisierte, objektorientierte, aber klassenlose Skriptsprache. Sie erf\u00fcllt alle objektorientierten Programmierparadigmen, u.a. auf der Basis von Prototypen, deren Deklaration ab ECMAScript 6 mit einer klassenbasierten Programmiersprachen \u00e4hnlichen Syntax erm\u00f6glicht wird. In JavaScript kann die Programmierung je nach Anforderung objektorientiert, prozedural oder funktional erfolgen.<\/p>\n\n<\/div>\n\t\t<\/div>\n\n<div class=\"wp-block-ub-content-toggle-accordion\" style=\"border-color: #ffffff; \" id=\"ub-content-toggle-panel-block-\">\n\t\t\t<div class=\"wp-block-ub-content-toggle-accordion-title-wrap\" style=\"background-color: #ffffff;\" aria-controls=\"ub-content-toggle-panel-5-2a107aa0-31f9-4780-a7d9-6a8dcd63f918\" tabindex=\"0\">\n\t\t\t<h5 class=\"wp-block-ub-content-toggle-accordion-title ub-content-toggle-title-2a107aa0-31f9-4780-a7d9-6a8dcd63f918\" style=\"color: #717172; \">Typo3 CMS<\/h5>\n\t\t\t<div class=\"wp-block-ub-content-toggle-accordion-toggle-wrap right\" style=\"color: #000000;\"><span class=\"wp-block-ub-content-toggle-accordion-state-indicator wp-block-ub-chevron-down\"><\/span><\/div>\n\t\t<\/div>\n\t\t\t<div role=\"region\" aria-expanded=\"false\" class=\"wp-block-ub-content-toggle-accordion-content-wrap ub-hide\" id=\"ub-content-toggle-panel-5-2a107aa0-31f9-4780-a7d9-6a8dcd63f918\">\n\n<p> <\/p>\n\n\n\n<p>TYPO3 CMS ist ein kostenloses Content Management System f\u00fcr Websites, das seit Oktober 2012 offiziell unter dem Namen TYPO3 CMS angeboten wird. Urspr\u00fcnglich wurde TYPO3 von Kasper Sk\u00e5rh\u00f8j entwickelt. Der Kern von TYPO3 ist in der Skriptsprache PHP geschrieben, die Ausgabe im Browser erfolgt mit HTML und JavaScript. Als Datenbank k\u00f6nnen g\u00e4ngige SQL-basierte Datenbanken, wie z.B. MySQL, verwendet werden, die Anbindung erfolgt hier abstrakt \u00fcber Doctrine DBAL.<\/p>\n\n\n\n<p>Von 2007 bis 2015 wurde TYPO3 kontinuierlich von zwei Kernentwicklungsteams weiterentwickelt. Ein Team k\u00fcmmerte sich um das &#8220;TYPO3 CMS&#8221;, das andere um das neuere &#8220;TYPO3 Neos&#8221;. Neos hat sich 2015 von der TYPO3 Association getrennt und wird seitdem als eigenes Produkt weiterentwickelt. Die gesch\u00fctzte Marke TYPO3 dient seit Oktober 2012 auch als Heimat f\u00fcr eine Reihe weiterer Produkte.<\/p>\n\n\n\n<p>Zahlreiche Funktionen von TYPO3 k\u00f6nnen mit Extensions integriert werden, ohne dass eigener Programmcode geschrieben werden muss. Die derzeit mehr als 5000 verf\u00fcgbaren Extensions stammen zumeist von Drittanbietern und sind kostenlos erh\u00e4ltlich. Unter anderem sind Erweiterungen f\u00fcr News, Shopsysteme oder Diskussionsforen verf\u00fcgbar. Das System ist auf Mehrsprachigkeit ausgelegt und wird von einer Nutzer- und Entwicklergemeinschaft aus der ganzen Welt gepflegt. In einer bislang (Stand: Juli 2020) unvollst\u00e4ndigen Erhebung wurden rund 275.562 TYPO3-Installationen im Internet gefunden, \u00fcberproportional viele davon im deutschsprachigen Raum. TYPO3 ist damit neben Drupal, Joomla und WordPress eines der bekanntesten Content Management Systeme aus dem Bereich der freien Software.<\/p>\n\n<\/div>\n\t\t<\/div>\n\n<div class=\"wp-block-ub-content-toggle-accordion\" style=\"border-color: #ffffff; \" id=\"ub-content-toggle-panel-block-\">\n\t\t\t<div class=\"wp-block-ub-content-toggle-accordion-title-wrap\" style=\"background-color: #ffffff;\" aria-controls=\"ub-content-toggle-panel-6-2a107aa0-31f9-4780-a7d9-6a8dcd63f918\" tabindex=\"0\">\n\t\t\t<h5 class=\"wp-block-ub-content-toggle-accordion-title ub-content-toggle-title-2a107aa0-31f9-4780-a7d9-6a8dcd63f918\" style=\"color: #717172; \">WordPress CMS<\/h5>\n\t\t\t<div class=\"wp-block-ub-content-toggle-accordion-toggle-wrap right\" style=\"color: #000000;\"><span class=\"wp-block-ub-content-toggle-accordion-state-indicator wp-block-ub-chevron-down\"><\/span><\/div>\n\t\t<\/div>\n\t\t\t<div role=\"region\" aria-expanded=\"false\" class=\"wp-block-ub-content-toggle-accordion-content-wrap ub-hide\" id=\"ub-content-toggle-panel-6-2a107aa0-31f9-4780-a7d9-6a8dcd63f918\">\n\n<p>WordPress\u00a0ist ein\u00a0freies\u00a0Content-Management-System\u00a0(CMS). Es wurde ab 2003 von\u00a0Matthew Mullenweg\u00a0als Software f\u00fcr\u00a0Weblogs\u00a0programmiert und wird als\u00a0Open-Source-Projekt permanent weiterentwickelt. WordPress ist mit ca. 40\u00a0% Anteil an allen CMS das am weitesten verbreitete System zum Betrieb von Websites; von einer Million der meistbesuchten Websites nutzt rund ein Drittel WordPress.<\/p>\n\n\n\n<p><br>In WordPress kann jeder Beitrag frei erstellbaren Kategorien zugewiesen werden, Navigationselemente werden automatisch passend erzeugt. Weiter bietet das System Leserkommentare mit der M\u00f6glichkeit, diese vor der Ver\u00f6ffentlichung erst zu pr\u00fcfen, eine Verwaltung der\u00a0Benutzerrollen\u00a0und -rechte und die M\u00f6glichkeit externer\u00a0Plug-ins, womit WordPress in Richtung eines vollwertigen CMS ausgebaut werden kann.<\/p>\n\n\n\n<p><br>WordPress basiert auf der\u00a0Skriptsprache\u00a0PHP\u00a0(empfohlen wird PHP 7 oder h\u00f6her) und ben\u00f6tigt eine\u00a0MySQL- oder\u00a0MariaDB-Datenbank. Es ist eine freie Software, die unter der\u00a0GNU General Public License\u00a0(GPLv2) lizenziert wurde. Laut Aussage der Entwickler legt das System besonderen Wert auf\u00a0Webstandards, Eleganz,\u00a0Benutzerfreundlichkeit\u00a0und leichte Anpassbarkeit. WordPress entstand auf Basis der Software\u00a0b2. Die aktuelle WordPress-Version 5.9\u00a0Josephine\u00a0erschien am 25. Januar 2022.<\/p>\n\n<\/div>\n\t\t<\/div>\n<\/div>\n\n\n<p><\/p>\n","protected":false},"excerpt":{"rendered":"<p>Liste der von uns verwendeten Technologien<\/p>\n","protected":false},"author":1,"featured_media":1822,"parent":0,"menu_order":0,"comment_status":"closed","ping_status":"closed","template":"","meta":{"_uag_custom_page_level_css":"","footnotes":""},"class_list":["post-1233","page","type-page","status-publish","has-post-thumbnail","hentry"],"featured_image_src":"https:\/\/blickfang-digital.de\/wp-content\/uploads\/2018\/10\/image-1-copyright.jpg","uagb_featured_image_src":{"full":["https:\/\/blickfang-digital.de\/wp-content\/uploads\/2018\/10\/image-1-copyright.jpg",1980,1407,false],"thumbnail":["https:\/\/blickfang-digital.de\/wp-content\/uploads\/2018\/10\/image-1-copyright-150x150.jpg",150,150,true],"medium":["https:\/\/blickfang-digital.de\/wp-content\/uploads\/2018\/10\/image-1-copyright-300x213.jpg",300,213,true],"medium_large":["https:\/\/blickfang-digital.de\/wp-content\/uploads\/2018\/10\/image-1-copyright-768x546.jpg",768,546,true],"large":["https:\/\/blickfang-digital.de\/wp-content\/uploads\/2018\/10\/image-1-copyright-1024x728.jpg",1024,728,true],"1536x1536":["https:\/\/blickfang-digital.de\/wp-content\/uploads\/2018\/10\/image-1-copyright.jpg",1536,1091,false],"2048x2048":["https:\/\/blickfang-digital.de\/wp-content\/uploads\/2018\/10\/image-1-copyright.jpg",1980,1407,false],"post-thumbnail":["https:\/\/blickfang-digital.de\/wp-content\/uploads\/2018\/10\/image-1-copyright-370x263.jpg",370,263,true],"aldo-thumb-huge":["https:\/\/blickfang-digital.de\/wp-content\/uploads\/2018\/10\/image-1-copyright-1170x658.jpg",1170,658,true],"aldo-thumb-big":["https:\/\/blickfang-digital.de\/wp-content\/uploads\/2018\/10\/image-1-copyright-760x428.jpg",760,428,true],"aldo-thumb-med":["https:\/\/blickfang-digital.de\/wp-content\/uploads\/2018\/10\/image-1-copyright-370x208.jpg",370,208,true],"aldo-thumb-tiny":["https:\/\/blickfang-digital.de\/wp-content\/uploads\/2018\/10\/image-1-copyright-120x120.jpg",120,120,true],"aldo-thumb-masonry-big":["https:\/\/blickfang-digital.de\/wp-content\/uploads\/2018\/10\/image-1-copyright-760x540.jpg",760,540,true],"aldo-thumb-masonry":["https:\/\/blickfang-digital.de\/wp-content\/uploads\/2018\/10\/image-1-copyright-370x263.jpg",370,263,true],"aldo-thumb-extra":["https:\/\/blickfang-digital.de\/wp-content\/uploads\/2018\/10\/image-1-copyright-370x315.jpg",370,315,true],"aldo-thumb-height":["https:\/\/blickfang-digital.de\/wp-content\/uploads\/2018\/10\/image-1-copyright-480x600.jpg",480,600,true],"aldo-thumb-plain":["https:\/\/blickfang-digital.de\/wp-content\/uploads\/2018\/10\/image-1-copyright-570x480.jpg",570,480,true],"aldo-thumb-modern":["https:\/\/blickfang-digital.de\/wp-content\/uploads\/2018\/10\/image-1-copyright-440x339.jpg",440,339,true],"trx_addons-thumb-small":["https:\/\/blickfang-digital.de\/wp-content\/uploads\/2018\/10\/image-1-copyright-270x152.jpg",270,152,true],"trx_addons-thumb-portrait":["https:\/\/blickfang-digital.de\/wp-content\/uploads\/2018\/10\/image-1-copyright-370x493.jpg",370,493,true],"trx_addons-thumb-avatar":["https:\/\/blickfang-digital.de\/wp-content\/uploads\/2018\/10\/image-1-copyright-370x370.jpg",370,370,true]},"uagb_author_info":{"display_name":"kjunk_bk0kixab","author_link":"https:\/\/blickfang-digital.de\/de\/author\/kjunk_bk0kixab\/"},"uagb_comment_info":0,"uagb_excerpt":"Liste der von uns verwendeten Technologien","_links":{"self":[{"href":"https:\/\/blickfang-digital.de\/de\/wp-json\/wp\/v2\/pages\/1233","targetHints":{"allow":["GET"]}}],"collection":[{"href":"https:\/\/blickfang-digital.de\/de\/wp-json\/wp\/v2\/pages"}],"about":[{"href":"https:\/\/blickfang-digital.de\/de\/wp-json\/wp\/v2\/types\/page"}],"author":[{"embeddable":true,"href":"https:\/\/blickfang-digital.de\/de\/wp-json\/wp\/v2\/users\/1"}],"replies":[{"embeddable":true,"href":"https:\/\/blickfang-digital.de\/de\/wp-json\/wp\/v2\/comments?post=1233"}],"version-history":[{"count":7,"href":"https:\/\/blickfang-digital.de\/de\/wp-json\/wp\/v2\/pages\/1233\/revisions"}],"predecessor-version":[{"id":2743,"href":"https:\/\/blickfang-digital.de\/de\/wp-json\/wp\/v2\/pages\/1233\/revisions\/2743"}],"wp:featuredmedia":[{"embeddable":true,"href":"https:\/\/blickfang-digital.de\/de\/wp-json\/wp\/v2\/media\/1822"}],"wp:attachment":[{"href":"https:\/\/blickfang-digital.de\/de\/wp-json\/wp\/v2\/media?parent=1233"}],"curies":[{"name":"wp","href":"https:\/\/api.w.org\/{rel}","templated":true}]}}